{"id":103,"date":"2015-07-21T09:42:12","date_gmt":"2015-07-21T09:42:12","guid":{"rendered":"http:\/\/demo.themegrill.com\/himalayas\/?page_id=103"},"modified":"2020-07-12T10:19:18","modified_gmt":"2020-07-12T08:19:18","slug":"etiam-convallis","status":"publish","type":"page","link":"https:\/\/jedrzejmajka.pl\/index.php\/etiam-convallis\/","title":{"rendered":"W POSZUKIWANIU ARKI PRZYMIERZA. ETIOPIA"},"content":{"rendered":"<p><img loading=\"lazy\" decoding=\"async\" class=\"alignnone size-full wp-image-407\" src=\"http:\/\/jedrzejmajka.pl\/wp-content\/uploads\/2020\/07\/etipia.jpg\" alt=\"\" width=\"1136\" height=\"746\" srcset=\"https:\/\/jedrzejmajka.pl\/wp-content\/uploads\/2020\/07\/etipia.jpg 1136w, https:\/\/jedrzejmajka.pl\/wp-content\/uploads\/2020\/07\/etipia-300x197.jpg 300w, https:\/\/jedrzejmajka.pl\/wp-content\/uploads\/2020\/07\/etipia-1024x672.jpg 1024w, https:\/\/jedrzejmajka.pl\/wp-content\/uploads\/2020\/07\/etipia-768x504.jpg 768w, https:\/\/jedrzejmajka.pl\/wp-content\/uploads\/2020\/07\/etipia-781x512.jpg 781w\" sizes=\"auto, (max-width: 1136px) 100vw, 1136px\" \/><\/p>\n<p>Wszystkie drogi prowadz\u0105 poszukiwaczy Arki Przymierza do Etiopii, dawnego kr\u00f3lestwa kr\u00f3lowej Saby. I, je\u015bli wierzy\u0107 kap\u0142anom z Aksum, w\u0142a\u015bnie w tym mie\u015bcie od wiek\u00f3w jest ona przechowywana.<br \/>\nAutor zabiera nas w podr\u00f3\u017c do Etiopii, kolebki Nilu B\u0142\u0119kitnego, w kt\u00f3rego dorzeczu, w\u015br\u00f3d soczy\u015bcie zielonych las\u00f3w i dymi\u0105cych wodospad\u00f3w, narodzi\u0142 si\u0119 cz\u0142owiek. Etiopia to jeden z pierwszych kraj\u00f3w chrze\u015bcija\u0144skich na \u015bwiecie, a pierwszy w Afryce. Odwiedzamy wi\u0119c tajemnicze wyspy-klasztory na jeziorze Tana oraz Now\u0105 Jerozolim\u0119 \u2013 \u015bwi\u0119te miasto Lalibela, gdzie w wulkanicznych ska\u0142ach wydr\u0105\u017cono jedena\u015bcie niezwyk\u0142ych ko\u015bcio\u0142\u00f3w. Poznajemy tak\u017ce odpowied\u017a na pytanie, co \u0142\u0105czy etiopskich mnich\u00f3w z kaw\u0105.<\/p>\n<p>Album fotograficzny<br \/>\nJ\u0119drzej Majka<br \/>\nKrak\u00f3w 2017, s. 64<\/p>\n","protected":false},"excerpt":{"rendered":"<p>Wszystkie drogi prowadz\u0105 poszukiwaczy Arki Przymierza do Etiopii, dawnego kr\u00f3lestwa kr\u00f3lowej Saby. I, je\u015bli wierzy\u0107 kap\u0142anom z Aksum, w\u0142a\u015bnie w tym mie\u015bcie od wiek\u00f3w jest<\/p>\n","protected":false},"author":1,"featured_media":407,"parent":0,"menu_order":4,"comment_status":"closed","ping_status":"open","template":"page-templates\/template-portfolio.php","meta":{"footnotes":""},"class_list":["post-103","page","type-page","status-publish","has-post-thumbnail","hentry"],"yoast_head":"<!-- This site is optimized with the Yoast SEO plugin v14.5 - https:\/\/yoast.com\/wordpress\/plugins\/seo\/ -->\n<title>W POSZUKIWANIU ARKI PRZYMIERZA. ETIOPIA - J\u0119drzej Majka<\/title>\n<meta name=\"robots\" content=\"index, follow\" \/>\n<meta name=\"googlebot\" content=\"index, follow, max-snippet:-1, max-image-preview:large, max-video-preview:-1\" \/>\n<meta name=\"bingbot\" content=\"index, follow, max-snippet:-1, max-image-preview:large, max-video-preview:-1\" \/>\n<link rel=\"canonical\" href=\"https:\/\/jedrzejmajka.pl\/index.php\/etiam-convallis\/\" \/>\n<meta property=\"og:locale\" content=\"pl_PL\" \/>\n<meta property=\"og:type\" content=\"article\" \/>\n<meta property=\"og:title\" content=\"W POSZUKIWANIU ARKI PRZYMIERZA. ETIOPIA - J\u0119drzej Majka\" \/>\n<meta property=\"og:description\" content=\"Wszystkie drogi prowadz\u0105 poszukiwaczy Arki Przymierza do Etiopii, dawnego kr\u00f3lestwa kr\u00f3lowej Saby. I, je\u015bli wierzy\u0107 kap\u0142anom z Aksum, w\u0142a\u015bnie w tym mie\u015bcie od wiek\u00f3w jest\" \/>\n<meta property=\"og:url\" content=\"https:\/\/jedrzejmajka.pl\/index.php\/etiam-convallis\/\" \/>\n<meta property=\"og:site_name\" content=\"J\u0119drzej Majka\" \/>\n<meta property=\"article:modified_time\" content=\"2020-07-12T08:19:18+00:00\" \/>\n<meta property=\"og:image\" content=\"https:\/\/jedrzejmajka.pl\/wp-content\/uploads\/2020\/07\/etipia.jpg\" \/>\n\t<meta property=\"og:image:width\" content=\"1136\" \/>\n\t<meta property=\"og:image:height\" content=\"746\" \/>\n<meta name=\"twitter:card\" content=\"summary_large_image\" \/>\n<script type=\"application\/ld+json\" class=\"yoast-schema-graph\">{\"@context\":\"https:\/\/schema.org\",\"@graph\":[{\"@type\":\"WebSite\",\"@id\":\"https:\/\/jedrzejmajka.pl\/#website\",\"url\":\"https:\/\/jedrzejmajka.pl\/\",\"name\":\"J\\u0119drzej Majka\",\"description\":\"\",\"potentialAction\":[{\"@type\":\"SearchAction\",\"target\":\"https:\/\/jedrzejmajka.pl\/?s={search_term_string}\",\"query-input\":\"required name=search_term_string\"}],\"inLanguage\":\"pl-PL\"},{\"@type\":\"ImageObject\",\"@id\":\"https:\/\/jedrzejmajka.pl\/index.php\/etiam-convallis\/#primaryimage\",\"inLanguage\":\"pl-PL\",\"url\":\"https:\/\/jedrzejmajka.pl\/wp-content\/uploads\/2020\/07\/etipia.jpg\",\"width\":1136,\"height\":746},{\"@type\":\"WebPage\",\"@id\":\"https:\/\/jedrzejmajka.pl\/index.php\/etiam-convallis\/#webpage\",\"url\":\"https:\/\/jedrzejmajka.pl\/index.php\/etiam-convallis\/\",\"name\":\"W POSZUKIWANIU ARKI PRZYMIERZA. ETIOPIA - J\\u0119drzej Majka\",\"isPartOf\":{\"@id\":\"https:\/\/jedrzejmajka.pl\/#website\"},\"primaryImageOfPage\":{\"@id\":\"https:\/\/jedrzejmajka.pl\/index.php\/etiam-convallis\/#primaryimage\"},\"datePublished\":\"2015-07-21T09:42:12+00:00\",\"dateModified\":\"2020-07-12T08:19:18+00:00\",\"inLanguage\":\"pl-PL\",\"potentialAction\":[{\"@type\":\"ReadAction\",\"target\":[\"https:\/\/jedrzejmajka.pl\/index.php\/etiam-convallis\/\"]}]}]}<\/script>\n<!-- \/ Yoast SEO plugin. -->","_links":{"self":[{"href":"https:\/\/jedrzejmajka.pl\/index.php\/wp-json\/wp\/v2\/pages\/103","targetHints":{"allow":["GET"]}}],"collection":[{"href":"https:\/\/jedrzejmajka.pl\/index.php\/wp-json\/wp\/v2\/pages"}],"about":[{"href":"https:\/\/jedrzejmajka.pl\/index.php\/wp-json\/wp\/v2\/types\/page"}],"author":[{"embeddable":true,"href":"https:\/\/jedrzejmajka.pl\/index.php\/wp-json\/wp\/v2\/users\/1"}],"replies":[{"embeddable":true,"href":"https:\/\/jedrzejmajka.pl\/index.php\/wp-json\/wp\/v2\/comments?post=103"}],"version-history":[{"count":2,"href":"https:\/\/jedrzejmajka.pl\/index.php\/wp-json\/wp\/v2\/pages\/103\/revisions"}],"predecessor-version":[{"id":441,"href":"https:\/\/jedrzejmajka.pl\/index.php\/wp-json\/wp\/v2\/pages\/103\/revisions\/441"}],"wp:featuredmedia":[{"embeddable":true,"href":"https:\/\/jedrzejmajka.pl\/index.php\/wp-json\/wp\/v2\/media\/407"}],"wp:attachment":[{"href":"https:\/\/jedrzejmajka.pl\/index.php\/wp-json\/wp\/v2\/media?parent=103"}],"curies":[{"name":"wp","href":"https:\/\/api.w.org\/{rel}","templated":true}]}}