{"id":105,"date":"2015-07-21T09:46:31","date_gmt":"2015-07-21T09:46:31","guid":{"rendered":"http:\/\/demo.themegrill.com\/himalayas\/?page_id=105"},"modified":"2020-07-12T10:19:06","modified_gmt":"2020-07-12T08:19:06","slug":"aliquam-malesuada","status":"publish","type":"page","link":"https:\/\/jedrzejmajka.pl\/index.php\/aliquam-malesuada\/","title":{"rendered":"MISTYCZNY LW\u00d3W"},"content":{"rendered":"<p><img loading=\"lazy\" decoding=\"async\" class=\"alignnone size-full wp-image-414\" src=\"http:\/\/jedrzejmajka.pl\/wp-content\/uploads\/2020\/07\/mistyczny-lwow.jpg\" alt=\"\" width=\"1136\" height=\"746\" srcset=\"https:\/\/jedrzejmajka.pl\/wp-content\/uploads\/2020\/07\/mistyczny-lwow.jpg 1136w, https:\/\/jedrzejmajka.pl\/wp-content\/uploads\/2020\/07\/mistyczny-lwow-300x197.jpg 300w, https:\/\/jedrzejmajka.pl\/wp-content\/uploads\/2020\/07\/mistyczny-lwow-1024x672.jpg 1024w, https:\/\/jedrzejmajka.pl\/wp-content\/uploads\/2020\/07\/mistyczny-lwow-768x504.jpg 768w, https:\/\/jedrzejmajka.pl\/wp-content\/uploads\/2020\/07\/mistyczny-lwow-781x512.jpg 781w\" sizes=\"auto, (max-width: 1136px) 100vw, 1136px\" \/><\/p>\n<p>Dzi\u015b, kiedy wejdziemy na wzg\u00f3rze, nazywane Wysokim Zamkiem, i spojrzymy na panoram\u0119 miasta, ujrzymy zwie\u0144czone krzy\u017cami liczne wie\u017ce ko\u015bcio\u0142\u00f3w i cerkwi. Krzy\u017c to jeden z symboli chrze\u015bcija\u0144stwa, ale nie jedyny. Gdybym mia\u0142 wskaza\u0107 symbol religijny bli\u017cszy temu miastu, by\u0142by to statek, tak cz\u0119sto przedstawiany na \u015bcianach katakumb przez staro\u017cytnych chrze\u015bcijan.<br \/>\nLw\u00f3w to prawdziwa Arka Noego. Przez wieki mieszkali tu Polacy, Rusini, Niemcy, Ormianie, W\u0142osi, Wo\u0142osi, Grecy, W\u0119grzy, Tatarzy, \u017bydzi, Karaimi. Wszyscy oni tworzyli to miasto. Ka\u017cdy wnosi\u0142 co\u015b nowego. Ka\u017cda kultura je wzbogaca\u0142a. Najlepiej o tym \u015bwiadczy nazwa miasta, inaczej wymawiana przez ka\u017cdy z narod\u00f3w. Polacy m\u00f3wi\u0105 Lw\u00f3w; Ukrai\u0144cy \u2013 Lwiw, Rosjanie i Ormianie \u2013 Lw\u00f3w, Niemcy \u2013 Lemberg, \u017bydzi \u2013 Lemberik, a po grecku i \u0142acinie to Leopolis. Wszyscy tworzyli\u015bmy, budowali\u015bmy to miasto.<\/p>\n<p style=\"text-align: right;\">[ze <em>Wst\u0119pu<\/em> autora]<\/p>\n<p>Album fotograficzny<br \/>\nJ\u0119drzej Majka<br \/>\nKrak\u00f3w 2017, s. 80<\/p>\n","protected":false},"excerpt":{"rendered":"<p>Dzi\u015b, kiedy wejdziemy na wzg\u00f3rze, nazywane Wysokim Zamkiem, i spojrzymy na panoram\u0119 miasta, ujrzymy zwie\u0144czone krzy\u017cami liczne wie\u017ce ko\u015bcio\u0142\u00f3w i cerkwi. Krzy\u017c to jeden z<\/p>\n","protected":false},"author":1,"featured_media":414,"parent":0,"menu_order":6,"comment_status":"closed","ping_status":"open","template":"page-templates\/template-portfolio.php","meta":{"footnotes":""},"class_list":["post-105","page","type-page","status-publish","has-post-thumbnail","hentry"],"yoast_head":"<!-- This site is optimized with the Yoast SEO plugin v14.5 - https:\/\/yoast.com\/wordpress\/plugins\/seo\/ -->\n<title>MISTYCZNY LW\u00d3W - J\u0119drzej Majka<\/title>\n<meta name=\"robots\" content=\"index, follow\" \/>\n<meta name=\"googlebot\" content=\"index, follow, max-snippet:-1, max-image-preview:large, max-video-preview:-1\" \/>\n<meta name=\"bingbot\" content=\"index, follow, max-snippet:-1, max-image-preview:large, max-video-preview:-1\" \/>\n<link rel=\"canonical\" href=\"https:\/\/jedrzejmajka.pl\/index.php\/aliquam-malesuada\/\" \/>\n<meta property=\"og:locale\" content=\"pl_PL\" \/>\n<meta property=\"og:type\" content=\"article\" \/>\n<meta property=\"og:title\" content=\"MISTYCZNY LW\u00d3W - J\u0119drzej Majka\" \/>\n<meta property=\"og:description\" content=\"Dzi\u015b, kiedy wejdziemy na wzg\u00f3rze, nazywane Wysokim Zamkiem, i spojrzymy na panoram\u0119 miasta, ujrzymy zwie\u0144czone krzy\u017cami liczne wie\u017ce ko\u015bcio\u0142\u00f3w i cerkwi. Krzy\u017c to jeden z\" \/>\n<meta property=\"og:url\" content=\"https:\/\/jedrzejmajka.pl\/index.php\/aliquam-malesuada\/\" \/>\n<meta property=\"og:site_name\" content=\"J\u0119drzej Majka\" \/>\n<meta property=\"article:modified_time\" content=\"2020-07-12T08:19:06+00:00\" \/>\n<meta property=\"og:image\" content=\"https:\/\/jedrzejmajka.pl\/wp-content\/uploads\/2020\/07\/mistyczny-lwow.jpg\" \/>\n\t<meta property=\"og:image:width\" content=\"1136\" \/>\n\t<meta property=\"og:image:height\" content=\"746\" \/>\n<meta name=\"twitter:card\" content=\"summary_large_image\" \/>\n<script type=\"application\/ld+json\" class=\"yoast-schema-graph\">{\"@context\":\"https:\/\/schema.org\",\"@graph\":[{\"@type\":\"WebSite\",\"@id\":\"https:\/\/jedrzejmajka.pl\/#website\",\"url\":\"https:\/\/jedrzejmajka.pl\/\",\"name\":\"J\\u0119drzej Majka\",\"description\":\"\",\"potentialAction\":[{\"@type\":\"SearchAction\",\"target\":\"https:\/\/jedrzejmajka.pl\/?s={search_term_string}\",\"query-input\":\"required name=search_term_string\"}],\"inLanguage\":\"pl-PL\"},{\"@type\":\"ImageObject\",\"@id\":\"https:\/\/jedrzejmajka.pl\/index.php\/aliquam-malesuada\/#primaryimage\",\"inLanguage\":\"pl-PL\",\"url\":\"https:\/\/jedrzejmajka.pl\/wp-content\/uploads\/2020\/07\/mistyczny-lwow.jpg\",\"width\":1136,\"height\":746},{\"@type\":\"WebPage\",\"@id\":\"https:\/\/jedrzejmajka.pl\/index.php\/aliquam-malesuada\/#webpage\",\"url\":\"https:\/\/jedrzejmajka.pl\/index.php\/aliquam-malesuada\/\",\"name\":\"MISTYCZNY LW\\u00d3W - J\\u0119drzej Majka\",\"isPartOf\":{\"@id\":\"https:\/\/jedrzejmajka.pl\/#website\"},\"primaryImageOfPage\":{\"@id\":\"https:\/\/jedrzejmajka.pl\/index.php\/aliquam-malesuada\/#primaryimage\"},\"datePublished\":\"2015-07-21T09:46:31+00:00\",\"dateModified\":\"2020-07-12T08:19:06+00:00\",\"inLanguage\":\"pl-PL\",\"potentialAction\":[{\"@type\":\"ReadAction\",\"target\":[\"https:\/\/jedrzejmajka.pl\/index.php\/aliquam-malesuada\/\"]}]}]}<\/script>\n<!-- \/ Yoast SEO plugin. -->","_links":{"self":[{"href":"https:\/\/jedrzejmajka.pl\/index.php\/wp-json\/wp\/v2\/pages\/105","targetHints":{"allow":["GET"]}}],"collection":[{"href":"https:\/\/jedrzejmajka.pl\/index.php\/wp-json\/wp\/v2\/pages"}],"about":[{"href":"https:\/\/jedrzejmajka.pl\/index.php\/wp-json\/wp\/v2\/types\/page"}],"author":[{"embeddable":true,"href":"https:\/\/jedrzejmajka.pl\/index.php\/wp-json\/wp\/v2\/users\/1"}],"replies":[{"embeddable":true,"href":"https:\/\/jedrzejmajka.pl\/index.php\/wp-json\/wp\/v2\/comments?post=105"}],"version-history":[{"count":2,"href":"https:\/\/jedrzejmajka.pl\/index.php\/wp-json\/wp\/v2\/pages\/105\/revisions"}],"predecessor-version":[{"id":439,"href":"https:\/\/jedrzejmajka.pl\/index.php\/wp-json\/wp\/v2\/pages\/105\/revisions\/439"}],"wp:featuredmedia":[{"embeddable":true,"href":"https:\/\/jedrzejmajka.pl\/index.php\/wp-json\/wp\/v2\/media\/414"}],"wp:attachment":[{"href":"https:\/\/jedrzejmajka.pl\/index.php\/wp-json\/wp\/v2\/media?parent=105"}],"curies":[{"name":"wp","href":"https:\/\/api.w.org\/{rel}","templated":true}]}}