{"id":469,"date":"2020-07-14T11:20:27","date_gmt":"2020-07-14T09:20:27","guid":{"rendered":"http:\/\/jedrzejmajka.pl\/?page_id=469"},"modified":"2020-07-14T11:27:35","modified_gmt":"2020-07-14T09:27:35","slug":"pociag-do-swiata","status":"publish","type":"page","link":"https:\/\/jedrzejmajka.pl\/index.php\/pociag-do-swiata\/","title":{"rendered":"POCI\u0104G DO \u015aWIATA"},"content":{"rendered":"\n<figure class=\"wp-block-image size-full\"><img loading=\"lazy\" decoding=\"async\" width=\"1136\" height=\"746\" src=\"http:\/\/jedrzejmajka.pl\/wp-content\/uploads\/2020\/07\/pociag.jpg\" alt=\"\" class=\"wp-image-470\" srcset=\"https:\/\/jedrzejmajka.pl\/wp-content\/uploads\/2020\/07\/pociag.jpg 1136w, https:\/\/jedrzejmajka.pl\/wp-content\/uploads\/2020\/07\/pociag-300x197.jpg 300w, https:\/\/jedrzejmajka.pl\/wp-content\/uploads\/2020\/07\/pociag-1024x672.jpg 1024w, https:\/\/jedrzejmajka.pl\/wp-content\/uploads\/2020\/07\/pociag-768x504.jpg 768w, https:\/\/jedrzejmajka.pl\/wp-content\/uploads\/2020\/07\/pociag-781x512.jpg 781w\" sizes=\"auto, (max-width: 1136px) 100vw, 1136px\" \/><\/figure>\n\n\n\n<p>Poci\u0105g do \u015bwiata to zapis dwunastu podr\u00f3\u017cy. \u015arodki lokomocji i odwiedzone miejsca nie s\u0105 tu najwa\u017cniejsze. Bo tak naprawd\u0119 licz\u0105 si\u0119 tylko spotkani w drodze ludzie, ich \u017cycie i opowiedziane przez nich historie.<\/p>\n\n\n\n<p>J\u0119drzej Majka<br>Krak\u00f3w 2010, s. 208<\/p>\n","protected":false},"excerpt":{"rendered":"<p>Poci\u0105g do \u015bwiata to zapis dwunastu podr\u00f3\u017cy. \u015arodki lokomocji i odwiedzone miejsca nie s\u0105 tu najwa\u017cniejsze. Bo tak naprawd\u0119 licz\u0105 si\u0119 tylko spotkani w drodze<\/p>\n","protected":false},"author":1,"featured_media":470,"parent":0,"menu_order":12,"comment_status":"closed","ping_status":"closed","template":"page-templates\/template-portfolio.php","meta":{"footnotes":""},"class_list":["post-469","page","type-page","status-publish","has-post-thumbnail","hentry"],"yoast_head":"<!-- This site is optimized with the Yoast SEO plugin v14.5 - https:\/\/yoast.com\/wordpress\/plugins\/seo\/ -->\n<title>POCI\u0104G DO \u015aWIATA - J\u0119drzej Majka<\/title>\n<meta name=\"robots\" content=\"index, follow\" \/>\n<meta name=\"googlebot\" content=\"index, follow, max-snippet:-1, max-image-preview:large, max-video-preview:-1\" \/>\n<meta name=\"bingbot\" content=\"index, follow, max-snippet:-1, max-image-preview:large, max-video-preview:-1\" \/>\n<link rel=\"canonical\" href=\"https:\/\/jedrzejmajka.pl\/index.php\/pociag-do-swiata\/\" \/>\n<meta property=\"og:locale\" content=\"pl_PL\" \/>\n<meta property=\"og:type\" content=\"article\" \/>\n<meta property=\"og:title\" content=\"POCI\u0104G DO \u015aWIATA - J\u0119drzej Majka\" \/>\n<meta property=\"og:description\" content=\"Poci\u0105g do \u015bwiata to zapis dwunastu podr\u00f3\u017cy. \u015arodki lokomocji i odwiedzone miejsca nie s\u0105 tu najwa\u017cniejsze. Bo tak naprawd\u0119 licz\u0105 si\u0119 tylko spotkani w drodze\" \/>\n<meta property=\"og:url\" content=\"https:\/\/jedrzejmajka.pl\/index.php\/pociag-do-swiata\/\" \/>\n<meta property=\"og:site_name\" content=\"J\u0119drzej Majka\" \/>\n<meta property=\"article:modified_time\" content=\"2020-07-14T09:27:35+00:00\" \/>\n<meta property=\"og:image\" content=\"https:\/\/jedrzejmajka.pl\/wp-content\/uploads\/2020\/07\/pociag.jpg\" \/>\n\t<meta property=\"og:image:width\" content=\"1136\" \/>\n\t<meta property=\"og:image:height\" content=\"746\" \/>\n<meta name=\"twitter:card\" content=\"summary_large_image\" \/>\n<script type=\"application\/ld+json\" class=\"yoast-schema-graph\">{\"@context\":\"https:\/\/schema.org\",\"@graph\":[{\"@type\":\"WebSite\",\"@id\":\"https:\/\/jedrzejmajka.pl\/#website\",\"url\":\"https:\/\/jedrzejmajka.pl\/\",\"name\":\"J\\u0119drzej Majka\",\"description\":\"\",\"potentialAction\":[{\"@type\":\"SearchAction\",\"target\":\"https:\/\/jedrzejmajka.pl\/?s={search_term_string}\",\"query-input\":\"required name=search_term_string\"}],\"inLanguage\":\"pl-PL\"},{\"@type\":\"ImageObject\",\"@id\":\"https:\/\/jedrzejmajka.pl\/index.php\/pociag-do-swiata\/#primaryimage\",\"inLanguage\":\"pl-PL\",\"url\":\"https:\/\/jedrzejmajka.pl\/wp-content\/uploads\/2020\/07\/pociag.jpg\",\"width\":1136,\"height\":746},{\"@type\":\"WebPage\",\"@id\":\"https:\/\/jedrzejmajka.pl\/index.php\/pociag-do-swiata\/#webpage\",\"url\":\"https:\/\/jedrzejmajka.pl\/index.php\/pociag-do-swiata\/\",\"name\":\"POCI\\u0104G DO \\u015aWIATA - J\\u0119drzej Majka\",\"isPartOf\":{\"@id\":\"https:\/\/jedrzejmajka.pl\/#website\"},\"primaryImageOfPage\":{\"@id\":\"https:\/\/jedrzejmajka.pl\/index.php\/pociag-do-swiata\/#primaryimage\"},\"datePublished\":\"2020-07-14T09:20:27+00:00\",\"dateModified\":\"2020-07-14T09:27:35+00:00\",\"inLanguage\":\"pl-PL\",\"potentialAction\":[{\"@type\":\"ReadAction\",\"target\":[\"https:\/\/jedrzejmajka.pl\/index.php\/pociag-do-swiata\/\"]}]}]}<\/script>\n<!-- \/ Yoast SEO plugin. -->","_links":{"self":[{"href":"https:\/\/jedrzejmajka.pl\/index.php\/wp-json\/wp\/v2\/pages\/469","targetHints":{"allow":["GET"]}}],"collection":[{"href":"https:\/\/jedrzejmajka.pl\/index.php\/wp-json\/wp\/v2\/pages"}],"about":[{"href":"https:\/\/jedrzejmajka.pl\/index.php\/wp-json\/wp\/v2\/types\/page"}],"author":[{"embeddable":true,"href":"https:\/\/jedrzejmajka.pl\/index.php\/wp-json\/wp\/v2\/users\/1"}],"replies":[{"embeddable":true,"href":"https:\/\/jedrzejmajka.pl\/index.php\/wp-json\/wp\/v2\/comments?post=469"}],"version-history":[{"count":1,"href":"https:\/\/jedrzejmajka.pl\/index.php\/wp-json\/wp\/v2\/pages\/469\/revisions"}],"predecessor-version":[{"id":472,"href":"https:\/\/jedrzejmajka.pl\/index.php\/wp-json\/wp\/v2\/pages\/469\/revisions\/472"}],"wp:featuredmedia":[{"embeddable":true,"href":"https:\/\/jedrzejmajka.pl\/index.php\/wp-json\/wp\/v2\/media\/470"}],"wp:attachment":[{"href":"https:\/\/jedrzejmajka.pl\/index.php\/wp-json\/wp\/v2\/media?parent=469"}],"curies":[{"name":"wp","href":"https:\/\/api.w.org\/{rel}","templated":true}]}}