{"id":482,"date":"2020-07-14T21:03:00","date_gmt":"2020-07-14T19:03:00","guid":{"rendered":"http:\/\/jedrzejmajka.pl\/?page_id=482"},"modified":"2020-07-14T21:07:28","modified_gmt":"2020-07-14T19:07:28","slug":"ostatni-dzien-lwowa","status":"publish","type":"page","link":"https:\/\/jedrzejmajka.pl\/index.php\/ostatni-dzien-lwowa\/","title":{"rendered":"OSTATNI DZIE\u0143 LWOWA"},"content":{"rendered":"\n<figure class=\"wp-block-image size-full\"><img loading=\"lazy\" decoding=\"async\" width=\"1136\" height=\"746\" src=\"http:\/\/jedrzejmajka.pl\/wp-content\/uploads\/2020\/07\/ostatni_dzien_lwowa-2.jpg\" alt=\"\" class=\"wp-image-483\" srcset=\"https:\/\/jedrzejmajka.pl\/wp-content\/uploads\/2020\/07\/ostatni_dzien_lwowa-2.jpg 1136w, https:\/\/jedrzejmajka.pl\/wp-content\/uploads\/2020\/07\/ostatni_dzien_lwowa-2-300x197.jpg 300w, https:\/\/jedrzejmajka.pl\/wp-content\/uploads\/2020\/07\/ostatni_dzien_lwowa-2-1024x672.jpg 1024w, https:\/\/jedrzejmajka.pl\/wp-content\/uploads\/2020\/07\/ostatni_dzien_lwowa-2-768x504.jpg 768w, https:\/\/jedrzejmajka.pl\/wp-content\/uploads\/2020\/07\/ostatni_dzien_lwowa-2-781x512.jpg 781w\" sizes=\"auto, (max-width: 1136px) 100vw, 1136px\" \/><\/figure>\n\n\n\n<p>Ksi\u0105\u017cka ta najpierw by\u0142a us\u0142yszana. Opowiedzieli j\u0105 lwowiacy. Oczywi\u015bcie, nie obesz\u0142o si\u0119 przy tym bez dobrej czarnej kawy i aromatycznej nalewki. Mimo tragicznych los\u00f3w zachowali w sobie pogod\u0119 ducha i nadzwyczajn\u0105 go\u015bcinno\u015b\u0107. <br> \u201eOstatni dzie\u0144 Lwowa\u201d to siedem historii o ludziach, kt\u00f3rzy musieli opu\u015bci\u0107 swoje miasto. Wielka historia przeplata si\u0119 tu z drobiazgami codziennego \u017cycia. Ca\u0142o\u015b\u0107 ilustruje ponad 100 niepublikowanych dot\u0105d fotografii. Pochodz\u0105 one z lwowskich archiw\u00f3w oraz unikatowych zbior\u00f3w Adama Sas-\u0141abinowicza.<\/p>\n\n\n\n<p>J\u0119drzej Majka<br>Krak\u00f3w 2004, s. 184<\/p>\n","protected":false},"excerpt":{"rendered":"<p>Ksi\u0105\u017cka ta najpierw by\u0142a us\u0142yszana. Opowiedzieli j\u0105 lwowiacy. Oczywi\u015bcie, nie obesz\u0142o si\u0119 przy tym bez dobrej czarnej kawy i aromatycznej nalewki. Mimo tragicznych los\u00f3w zachowali<\/p>\n","protected":false},"author":1,"featured_media":483,"parent":0,"menu_order":16,"comment_status":"closed","ping_status":"closed","template":"page-templates\/template-portfolio.php","meta":{"footnotes":""},"class_list":["post-482","page","type-page","status-publish","has-post-thumbnail","hentry"],"yoast_head":"<!-- This site is optimized with the Yoast SEO plugin v14.5 - https:\/\/yoast.com\/wordpress\/plugins\/seo\/ -->\n<title>OSTATNI DZIE\u0143 LWOWA - J\u0119drzej Majka<\/title>\n<meta name=\"robots\" content=\"index, follow\" \/>\n<meta name=\"googlebot\" content=\"index, follow, max-snippet:-1, max-image-preview:large, max-video-preview:-1\" \/>\n<meta name=\"bingbot\" content=\"index, follow, max-snippet:-1, max-image-preview:large, max-video-preview:-1\" \/>\n<link rel=\"canonical\" href=\"https:\/\/jedrzejmajka.pl\/index.php\/ostatni-dzien-lwowa\/\" \/>\n<meta property=\"og:locale\" content=\"pl_PL\" \/>\n<meta property=\"og:type\" content=\"article\" \/>\n<meta property=\"og:title\" content=\"OSTATNI DZIE\u0143 LWOWA - J\u0119drzej Majka\" \/>\n<meta property=\"og:description\" content=\"Ksi\u0105\u017cka ta najpierw by\u0142a us\u0142yszana. Opowiedzieli j\u0105 lwowiacy. Oczywi\u015bcie, nie obesz\u0142o si\u0119 przy tym bez dobrej czarnej kawy i aromatycznej nalewki. Mimo tragicznych los\u00f3w zachowali\" \/>\n<meta property=\"og:url\" content=\"https:\/\/jedrzejmajka.pl\/index.php\/ostatni-dzien-lwowa\/\" \/>\n<meta property=\"og:site_name\" content=\"J\u0119drzej Majka\" \/>\n<meta property=\"article:modified_time\" content=\"2020-07-14T19:07:28+00:00\" \/>\n<meta property=\"og:image\" content=\"https:\/\/jedrzejmajka.pl\/wp-content\/uploads\/2020\/07\/ostatni_dzien_lwowa-2.jpg\" \/>\n\t<meta property=\"og:image:width\" content=\"1136\" \/>\n\t<meta property=\"og:image:height\" content=\"746\" \/>\n<meta name=\"twitter:card\" content=\"summary_large_image\" \/>\n<script type=\"application\/ld+json\" class=\"yoast-schema-graph\">{\"@context\":\"https:\/\/schema.org\",\"@graph\":[{\"@type\":\"WebSite\",\"@id\":\"https:\/\/jedrzejmajka.pl\/#website\",\"url\":\"https:\/\/jedrzejmajka.pl\/\",\"name\":\"J\\u0119drzej Majka\",\"description\":\"\",\"potentialAction\":[{\"@type\":\"SearchAction\",\"target\":\"https:\/\/jedrzejmajka.pl\/?s={search_term_string}\",\"query-input\":\"required name=search_term_string\"}],\"inLanguage\":\"pl-PL\"},{\"@type\":\"ImageObject\",\"@id\":\"https:\/\/jedrzejmajka.pl\/index.php\/ostatni-dzien-lwowa\/#primaryimage\",\"inLanguage\":\"pl-PL\",\"url\":\"https:\/\/jedrzejmajka.pl\/wp-content\/uploads\/2020\/07\/ostatni_dzien_lwowa-2.jpg\",\"width\":1136,\"height\":746},{\"@type\":\"WebPage\",\"@id\":\"https:\/\/jedrzejmajka.pl\/index.php\/ostatni-dzien-lwowa\/#webpage\",\"url\":\"https:\/\/jedrzejmajka.pl\/index.php\/ostatni-dzien-lwowa\/\",\"name\":\"OSTATNI DZIE\\u0143 LWOWA - J\\u0119drzej Majka\",\"isPartOf\":{\"@id\":\"https:\/\/jedrzejmajka.pl\/#website\"},\"primaryImageOfPage\":{\"@id\":\"https:\/\/jedrzejmajka.pl\/index.php\/ostatni-dzien-lwowa\/#primaryimage\"},\"datePublished\":\"2020-07-14T19:03:00+00:00\",\"dateModified\":\"2020-07-14T19:07:28+00:00\",\"inLanguage\":\"pl-PL\",\"potentialAction\":[{\"@type\":\"ReadAction\",\"target\":[\"https:\/\/jedrzejmajka.pl\/index.php\/ostatni-dzien-lwowa\/\"]}]}]}<\/script>\n<!-- \/ Yoast SEO plugin. -->","_links":{"self":[{"href":"https:\/\/jedrzejmajka.pl\/index.php\/wp-json\/wp\/v2\/pages\/482","targetHints":{"allow":["GET"]}}],"collection":[{"href":"https:\/\/jedrzejmajka.pl\/index.php\/wp-json\/wp\/v2\/pages"}],"about":[{"href":"https:\/\/jedrzejmajka.pl\/index.php\/wp-json\/wp\/v2\/types\/page"}],"author":[{"embeddable":true,"href":"https:\/\/jedrzejmajka.pl\/index.php\/wp-json\/wp\/v2\/users\/1"}],"replies":[{"embeddable":true,"href":"https:\/\/jedrzejmajka.pl\/index.php\/wp-json\/wp\/v2\/comments?post=482"}],"version-history":[{"count":1,"href":"https:\/\/jedrzejmajka.pl\/index.php\/wp-json\/wp\/v2\/pages\/482\/revisions"}],"predecessor-version":[{"id":484,"href":"https:\/\/jedrzejmajka.pl\/index.php\/wp-json\/wp\/v2\/pages\/482\/revisions\/484"}],"wp:featuredmedia":[{"embeddable":true,"href":"https:\/\/jedrzejmajka.pl\/index.php\/wp-json\/wp\/v2\/media\/483"}],"wp:attachment":[{"href":"https:\/\/jedrzejmajka.pl\/index.php\/wp-json\/wp\/v2\/media?parent=482"}],"curies":[{"name":"wp","href":"https:\/\/api.w.org\/{rel}","templated":true}]}}